{"id":839,"date":"2021-08-13T03:07:33","date_gmt":"2021-08-13T03:07:33","guid":{"rendered":"https:\/\/inmosacanova.com\/verkaeufers\/"},"modified":"2021-09-25T07:12:18","modified_gmt":"2021-09-25T07:12:18","slug":"verkaeufers","status":"publish","type":"page","link":"https:\/\/www.sacanovaassociats.com\/de\/verkaeufers\/","title":{"rendered":"Verk\u00e4ufers"},"content":{"rendered":"\t\t<div data-elementor-type=\"wp-page\" data-elementor-id=\"839\" class=\"elementor elementor-839 elementor-450\" data-elementor-post-type=\"page\">\n\t\t\t\t\t\t<section class=\"elementor-section elementor-top-section elementor-element elementor-element-328e7a8 elementor-section-full_width elementor-section-height-default elementor-section-height-default\" data-id=\"328e7a8\" data-element_type=\"section\" data-settings=\"{&quot;jet_parallax_layout_list&quot;:[{&quot;jet_parallax_layout_image&quot;:{&quot;url&quot;:&quot;&quot;,&quot;id&quot;:&quot;&quot;,&quot;size&quot;:&quot;&quot;},&quot;_id&quot;:&quot;8c5bbf3&quot;,&quot;jet_parallax_layout_image_tablet&quot;:{&quot;url&quot;:&quot;&quot;,&quot;id&quot;:&quot;&quot;,&quot;size&quot;:&quot;&quot;},&quot;jet_parallax_layout_image_mobile&quot;:{&quot;url&quot;:&quot;&quot;,&quot;id&quot;:&quot;&quot;,&quot;size&quot;:&quot;&quot;},&quot;jet_parallax_layout_speed&quot;:{&quot;unit&quot;:&quot;%&quot;,&quot;size&quot;:50,&quot;sizes&quot;:[]},&quot;jet_parallax_layout_type&quot;:&quot;scroll&quot;,&quot;jet_parallax_layout_direction&quot;:&quot;1&quot;,&quot;jet_parallax_layout_fx_direction&quot;:null,&quot;jet_parallax_layout_z_index&quot;:&quot;&quot;,&quot;jet_parallax_layout_bg_x&quot;:50,&quot;jet_parallax_layout_bg_x_tablet&quot;:&quot;&quot;,&quot;jet_parallax_layout_bg_x_mobile&quot;:&quot;&quot;,&quot;jet_parallax_layout_bg_y&quot;:50,&quot;jet_parallax_layout_bg_y_tablet&quot;:&quot;&quot;,&quot;jet_parallax_layout_bg_y_mobile&quot;:&quot;&quot;,&quot;jet_parallax_layout_bg_size&quot;:&quot;auto&quot;,&quot;jet_parallax_layout_bg_size_tablet&quot;:&quot;&quot;,&quot;jet_parallax_layout_bg_size_mobile&quot;:&quot;&quot;,&quot;jet_parallax_layout_animation_prop&quot;:&quot;transform&quot;,&quot;jet_parallax_layout_on&quot;:[&quot;desktop&quot;,&quot;tablet&quot;]}],&quot;background_background&quot;:&quot;classic&quot;}\">\n\t\t\t\t\t\t\t<div class=\"elementor-background-overlay\"><\/div>\n\t\t\t\t\t\t\t<div class=\"elementor-container elementor-column-gap-default\">\n\t\t\t\t\t<div class=\"elementor-column elementor-col-100 elementor-top-column elementor-element elementor-element-9c7a5bd\" data-id=\"9c7a5bd\" data-element_type=\"column\">\n\t\t\t<div class=\"elementor-widget-wrap elementor-element-populated\">\n\t\t\t\t\t\t<div class=\"elementor-element elementor-element-d4fa164 elementor-widget elementor-widget-heading\" data-id=\"d4fa164\" data-element_type=\"widget\" data-widget_type=\"heading.default\">\n\t\t\t\t<div class=\"elementor-widget-container\">\n\t\t\t\t\t<h1 class=\"elementor-heading-title elementor-size-default\">Verkauf einer Immobilie<\/h1>\t\t\t\t<\/div>\n\t\t\t\t<\/div>\n\t\t\t\t\t<\/div>\n\t\t<\/div>\n\t\t\t\t\t<\/div>\n\t\t<\/section>\n\t\t\t\t<section class=\"elementor-section elementor-top-section elementor-element elementor-element-0c7eaf2 elementor-section-boxed elementor-section-height-default elementor-section-height-default\" data-id=\"0c7eaf2\" data-element_type=\"section\" data-settings=\"{&quot;jet_parallax_layout_list&quot;:[{&quot;jet_parallax_layout_image&quot;:{&quot;url&quot;:&quot;&quot;,&quot;id&quot;:&quot;&quot;,&quot;size&quot;:&quot;&quot;},&quot;_id&quot;:&quot;bb92777&quot;,&quot;jet_parallax_layout_image_tablet&quot;:{&quot;url&quot;:&quot;&quot;,&quot;id&quot;:&quot;&quot;,&quot;size&quot;:&quot;&quot;},&quot;jet_parallax_layout_image_mobile&quot;:{&quot;url&quot;:&quot;&quot;,&quot;id&quot;:&quot;&quot;,&quot;size&quot;:&quot;&quot;},&quot;jet_parallax_layout_speed&quot;:{&quot;unit&quot;:&quot;%&quot;,&quot;size&quot;:50,&quot;sizes&quot;:[]},&quot;jet_parallax_layout_type&quot;:&quot;scroll&quot;,&quot;jet_parallax_layout_direction&quot;:&quot;1&quot;,&quot;jet_parallax_layout_fx_direction&quot;:null,&quot;jet_parallax_layout_z_index&quot;:&quot;&quot;,&quot;jet_parallax_layout_bg_x&quot;:50,&quot;jet_parallax_layout_bg_x_tablet&quot;:&quot;&quot;,&quot;jet_parallax_layout_bg_x_mobile&quot;:&quot;&quot;,&quot;jet_parallax_layout_bg_y&quot;:50,&quot;jet_parallax_layout_bg_y_tablet&quot;:&quot;&quot;,&quot;jet_parallax_layout_bg_y_mobile&quot;:&quot;&quot;,&quot;jet_parallax_layout_bg_size&quot;:&quot;auto&quot;,&quot;jet_parallax_layout_bg_size_tablet&quot;:&quot;&quot;,&quot;jet_parallax_layout_bg_size_mobile&quot;:&quot;&quot;,&quot;jet_parallax_layout_animation_prop&quot;:&quot;transform&quot;,&quot;jet_parallax_layout_on&quot;:[&quot;desktop&quot;,&quot;tablet&quot;]}],&quot;background_background&quot;:&quot;classic&quot;}\">\n\t\t\t\t\t\t<div class=\"elementor-container elementor-column-gap-default\">\n\t\t\t\t\t<div class=\"elementor-column elementor-col-100 elementor-top-column elementor-element elementor-element-b0bdf6f\" data-id=\"b0bdf6f\" data-element_type=\"column\">\n\t\t\t<div class=\"elementor-widget-wrap elementor-element-populated\">\n\t\t\t\t\t\t<div class=\"elementor-element elementor-element-3af36ab elementor-widget elementor-widget-heading\" data-id=\"3af36ab\" data-element_type=\"widget\" data-widget_type=\"heading.default\">\n\t\t\t\t<div class=\"elementor-widget-container\">\n\t\t\t\t\t<h2 class=\"elementor-heading-title elementor-size-default\">Sie m\u00f6chten Ihre Immoblile verkaufen?<\/h2>\t\t\t\t<\/div>\n\t\t\t\t<\/div>\n\t\t\t\t<div class=\"elementor-element elementor-element-45470c9 elementor-widget-divider--view-line elementor-widget elementor-widget-divider\" data-id=\"45470c9\" data-element_type=\"widget\" data-widget_type=\"divider.default\">\n\t\t\t\t<div class=\"elementor-widget-container\">\n\t\t\t\t\t\t\t<div class=\"elementor-divider\">\n\t\t\t<span class=\"elementor-divider-separator\">\n\t\t\t\t\t\t<\/span>\n\t\t<\/div>\n\t\t\t\t\t\t<\/div>\n\t\t\t\t<\/div>\n\t\t\t\t<section class=\"elementor-section elementor-inner-section elementor-element elementor-element-a411dde elementor-reverse-mobile elementor-section-boxed elementor-section-height-default elementor-section-height-default\" data-id=\"a411dde\" data-element_type=\"section\" data-settings=\"{&quot;jet_parallax_layout_list&quot;:[{&quot;jet_parallax_layout_image&quot;:{&quot;url&quot;:&quot;&quot;,&quot;id&quot;:&quot;&quot;,&quot;size&quot;:&quot;&quot;},&quot;_id&quot;:&quot;50eb31b&quot;,&quot;jet_parallax_layout_image_tablet&quot;:{&quot;url&quot;:&quot;&quot;,&quot;id&quot;:&quot;&quot;,&quot;size&quot;:&quot;&quot;},&quot;jet_parallax_layout_image_mobile&quot;:{&quot;url&quot;:&quot;&quot;,&quot;id&quot;:&quot;&quot;,&quot;size&quot;:&quot;&quot;},&quot;jet_parallax_layout_speed&quot;:{&quot;unit&quot;:&quot;%&quot;,&quot;size&quot;:50,&quot;sizes&quot;:[]},&quot;jet_parallax_layout_type&quot;:&quot;scroll&quot;,&quot;jet_parallax_layout_direction&quot;:&quot;1&quot;,&quot;jet_parallax_layout_fx_direction&quot;:null,&quot;jet_parallax_layout_z_index&quot;:&quot;&quot;,&quot;jet_parallax_layout_bg_x&quot;:50,&quot;jet_parallax_layout_bg_x_tablet&quot;:&quot;&quot;,&quot;jet_parallax_layout_bg_x_mobile&quot;:&quot;&quot;,&quot;jet_parallax_layout_bg_y&quot;:50,&quot;jet_parallax_layout_bg_y_tablet&quot;:&quot;&quot;,&quot;jet_parallax_layout_bg_y_mobile&quot;:&quot;&quot;,&quot;jet_parallax_layout_bg_size&quot;:&quot;auto&quot;,&quot;jet_parallax_layout_bg_size_tablet&quot;:&quot;&quot;,&quot;jet_parallax_layout_bg_size_mobile&quot;:&quot;&quot;,&quot;jet_parallax_layout_animation_prop&quot;:&quot;transform&quot;,&quot;jet_parallax_layout_on&quot;:[&quot;desktop&quot;,&quot;tablet&quot;]}]}\">\n\t\t\t\t\t\t<div class=\"elementor-container elementor-column-gap-default\">\n\t\t\t\t\t<div class=\"elementor-column elementor-col-50 elementor-inner-column elementor-element elementor-element-1a9639c\" data-id=\"1a9639c\" data-element_type=\"column\">\n\t\t\t<div class=\"elementor-widget-wrap elementor-element-populated\">\n\t\t\t\t\t\t<div class=\"elementor-element elementor-element-34b3599 elementor-widget elementor-widget-heading\" data-id=\"34b3599\" data-element_type=\"widget\" data-widget_type=\"heading.default\">\n\t\t\t\t<div class=\"elementor-widget-container\">\n\t\t\t\t\t<h4 class=\"elementor-heading-title elementor-size-default\">Wir von Sa Canova Associats \u2026<\/h4>\t\t\t\t<\/div>\n\t\t\t\t<\/div>\n\t\t\t\t<div class=\"elementor-element elementor-element-0e7a13d elementor-widget-divider--view-line elementor-widget elementor-widget-divider\" data-id=\"0e7a13d\" data-element_type=\"widget\" data-widget_type=\"divider.default\">\n\t\t\t\t<div class=\"elementor-widget-container\">\n\t\t\t\t\t\t\t<div class=\"elementor-divider\">\n\t\t\t<span class=\"elementor-divider-separator\">\n\t\t\t\t\t\t<\/span>\n\t\t<\/div>\n\t\t\t\t\t\t<\/div>\n\t\t\t\t<\/div>\n\t\t\t\t<div class=\"elementor-element elementor-element-29cd2af elementor-widget elementor-widget-text-editor\" data-id=\"29cd2af\" data-element_type=\"widget\" data-widget_type=\"text-editor.default\">\n\t\t\t\t<div class=\"elementor-widget-container\">\n\t\t\t\t\t\t\t\t\t<p>Sind Ihr kompetenter Partner. Unsere langj\u00e4hrige Erfahrung garantiert Ihnen besten Service und z\u00fcgige Abl\u00e4ufe bei gr\u00f6\u00dfter Sorgfalt und Zuverl\u00e4ssigkeit.<br \/>Ein fachkundiger Immobilienberater steht Ihnen w\u00e4hrend des gesamten Verkaufsprozesses mit seiner Expertise pers\u00f6nlich zur Seite: von der Marktwertermittlung \u00fcber die notarielle Beurkundung bis zur Beratung und Abwicklung der Steuern als Teil unseres umfassenden After-Sales-Service.<\/p><p>Bitte senden Sie uns Ihre Angaben \u00fcber das folgende Formular zu, wir setzen uns dann umgehend\u00a0 mit Ihnen in Verbindung.<\/p><p><strong>Dank 25j\u00e4hriger Erfahrung mit Immobilien, Recht und Bauplanung in der Region,\u00a0 sind wir bestens vertraut mit den aktuellen Immobilien-Marktdaten und der regionalen Verwaltung. Vertrauen Sie auf unser Engagement, Sie beim Verkauf Ihrer Immobilie bestes zu beraten und zu unterst\u00fctzen. <\/strong><\/p>\t\t\t\t\t\t\t\t<\/div>\n\t\t\t\t<\/div>\n\t\t\t\t\t<\/div>\n\t\t<\/div>\n\t\t\t\t<div class=\"elementor-column elementor-col-50 elementor-inner-column elementor-element elementor-element-9d7f2f8\" data-id=\"9d7f2f8\" data-element_type=\"column\" data-settings=\"{&quot;background_background&quot;:&quot;classic&quot;}\">\n\t\t\t<div class=\"elementor-widget-wrap elementor-element-populated\">\n\t\t\t\t\t\t<div class=\"elementor-element elementor-element-cd62b05 elementor-widget elementor-widget-spacer\" data-id=\"cd62b05\" data-element_type=\"widget\" data-widget_type=\"spacer.default\">\n\t\t\t\t<div class=\"elementor-widget-container\">\n\t\t\t\t\t\t\t<div class=\"elementor-spacer\">\n\t\t\t<div class=\"elementor-spacer-inner\"><\/div>\n\t\t<\/div>\n\t\t\t\t\t\t<\/div>\n\t\t\t\t<\/div>\n\t\t\t\t\t<\/div>\n\t\t<\/div>\n\t\t\t\t\t<\/div>\n\t\t<\/section>\n\t\t\t\t\t<\/div>\n\t\t<\/div>\n\t\t\t\t\t<\/div>\n\t\t<\/section>\n\t\t\t\t<section class=\"elementor-section elementor-top-section elementor-element elementor-element-bd23628 elementor-section-boxed elementor-section-height-default elementor-section-height-default\" data-id=\"bd23628\" data-element_type=\"section\" data-settings=\"{&quot;jet_parallax_layout_list&quot;:[{&quot;jet_parallax_layout_image&quot;:{&quot;url&quot;:&quot;&quot;,&quot;id&quot;:&quot;&quot;,&quot;size&quot;:&quot;&quot;},&quot;_id&quot;:&quot;492e276&quot;,&quot;jet_parallax_layout_image_tablet&quot;:{&quot;url&quot;:&quot;&quot;,&quot;id&quot;:&quot;&quot;,&quot;size&quot;:&quot;&quot;},&quot;jet_parallax_layout_image_mobile&quot;:{&quot;url&quot;:&quot;&quot;,&quot;id&quot;:&quot;&quot;,&quot;size&quot;:&quot;&quot;},&quot;jet_parallax_layout_speed&quot;:{&quot;unit&quot;:&quot;%&quot;,&quot;size&quot;:50,&quot;sizes&quot;:[]},&quot;jet_parallax_layout_type&quot;:&quot;scroll&quot;,&quot;jet_parallax_layout_direction&quot;:&quot;1&quot;,&quot;jet_parallax_layout_fx_direction&quot;:null,&quot;jet_parallax_layout_z_index&quot;:&quot;&quot;,&quot;jet_parallax_layout_bg_x&quot;:50,&quot;jet_parallax_layout_bg_x_tablet&quot;:&quot;&quot;,&quot;jet_parallax_layout_bg_x_mobile&quot;:&quot;&quot;,&quot;jet_parallax_layout_bg_y&quot;:50,&quot;jet_parallax_layout_bg_y_tablet&quot;:&quot;&quot;,&quot;jet_parallax_layout_bg_y_mobile&quot;:&quot;&quot;,&quot;jet_parallax_layout_bg_size&quot;:&quot;auto&quot;,&quot;jet_parallax_layout_bg_size_tablet&quot;:&quot;&quot;,&quot;jet_parallax_layout_bg_size_mobile&quot;:&quot;&quot;,&quot;jet_parallax_layout_animation_prop&quot;:&quot;transform&quot;,&quot;jet_parallax_layout_on&quot;:[&quot;desktop&quot;,&quot;tablet&quot;]}],&quot;background_background&quot;:&quot;classic&quot;}\">\n\t\t\t\t\t\t<div class=\"elementor-container elementor-column-gap-default\">\n\t\t\t\t\t<div class=\"elementor-column elementor-col-100 elementor-top-column elementor-element elementor-element-d225f2c\" data-id=\"d225f2c\" data-element_type=\"column\">\n\t\t\t<div class=\"elementor-widget-wrap elementor-element-populated\">\n\t\t\t\t\t\t<div class=\"elementor-element elementor-element-954bda7 elementor-widget elementor-widget-heading\" data-id=\"954bda7\" data-element_type=\"widget\" data-widget_type=\"heading.default\">\n\t\t\t\t<div class=\"elementor-widget-container\">\n\t\t\t\t\t<h3 class=\"elementor-heading-title elementor-size-default\">Formular <\/h3>\t\t\t\t<\/div>\n\t\t\t\t<\/div>\n\t\t\t\t<div class=\"elementor-element elementor-element-03006db elementor-widget elementor-widget-jet-engine-booking-form\" data-id=\"03006db\" data-element_type=\"widget\" data-widget_type=\"jet-engine-booking-form.default\">\n\t\t\t\t<div class=\"elementor-widget-container\">\n\t\t\t\t\t<form  class=\"jet-form layout-column submit-type-reload\" action=\"\/de\/wp-json\/wp\/v2\/pages\/839?jet_engine_action=book&#038;nocache=1776446810\" method=\"POST\" data-form-id=\"1055\"><input class=\"jet-form__field hidden-field\" type=\"hidden\" name=\"_jet_engine_booking_form_id\" value=\"1055\" data-field-name=\"_jet_engine_booking_form_id\"><input class=\"jet-form__field hidden-field\" type=\"hidden\" name=\"_jet_engine_refer\" value=\"https:\/\/www.sacanovaassociats.com\/de\/wp-json\/wp\/v2\/pages\/839\/\" data-field-name=\"_jet_engine_refer\"><div  class=\"jet-form-row jet-form-row--hidden\"><div class=\"jet-form-col jet-form-col-12  field-type-hidden  jet-form-field-container\" data-field=\"post_id\" data-conditional=\"false\"><input class=\"jet-form__field hidden-field\" type=\"hidden\" name=\"post_id\" value=\"839\" data-field-name=\"post_id\"><\/div><\/div><div  class=\"jet-form-row jet-form-row--first-visible\"><div class=\"jet-form-col jet-form-col-12  field-type-heading  jet-form-field-container\" data-field=\"heading\" data-conditional=\"false\"><div class=\"jet-form__heading\">\n\t<span class=\"jet-form__label-text\" >PERS\u00d6NLICHE DATEN<\/span>\n\t<\/div><\/div><\/div><div  class=\"jet-form-row\"><div class=\"jet-form-col jet-form-col-12  field-type-textarea  jet-form-field-container\" data-field=\"_nombre\" data-conditional=\"false\"><textarea class=\"jet-form__field textarea-field\" placeholder=\"Name\" required=\"required\" name=\"_nombre\" data-field-name=\"_nombre\" id=\"_nombre\"><\/textarea><\/div><\/div><div  class=\"jet-form-row\"><div class=\"jet-form-col jet-form-col-12  field-type-text  jet-form-field-container\" data-field=\"_dir\" data-conditional=\"false\"><input class=\"jet-form__field text-field \" placeholder=\"Strasse\" value=\"\" required=\"required\" name=\"_dir\" id=\"_dir\" type=\"text\" data-field-name=\"_dir\"><\/div><\/div><div  class=\"jet-form-row\"><div class=\"jet-form-col jet-form-col-6  field-type-text  jet-form-field-container\" data-field=\"_ciudad\" data-conditional=\"false\"><input class=\"jet-form__field text-field \" placeholder=\"Stadt\" value=\"\" required=\"required\" name=\"_ciudad\" id=\"_ciudad\" type=\"text\" data-field-name=\"_ciudad\"><\/div><div class=\"jet-form-col jet-form-col-6  field-type-text  jet-form-field-container\" data-field=\"_Provincia\" data-conditional=\"false\"><input class=\"jet-form__field text-field \" placeholder=\"Provinz\" value=\"\" required=\"required\" name=\"_Provincia\" id=\"_Provincia\" type=\"text\" data-field-name=\"_Provincia\"><\/div><\/div><div  class=\"jet-form-row\"><div class=\"jet-form-col jet-form-col-6  field-type-select  jet-form-field-container\" data-field=\"_pais\" data-conditional=\"false\"><select  required=\"required\" name=\"_pais\" data-field-name=\"_pais\" id=\"_pais\" data-default-val=\"Espa\u00f1a\" class=\"jet-form__field select-field\"><option value=\"\" >Country<\/option><option value=\"Espa\u00f1a\"  selected='selected' data-calculate=\"Espa\u00f1a\">Espa\u00f1a<\/option><option value=\"\" ><\/option><\/select><\/div><div class=\"jet-form-col jet-form-col-6  field-type-text  jet-form-field-container\" data-field=\"_zona_postal\" data-conditional=\"false\"><input class=\"jet-form__field text-field \" placeholder=\"Postleitzahl\" value=\"\" required=\"required\" name=\"_zona_postal\" id=\"_zona_postal\" type=\"text\" data-field-name=\"_zona_postal\"><\/div><\/div><div  class=\"jet-form-row\"><div class=\"jet-form-col jet-form-col-6  field-type-text  jet-form-field-container\" data-field=\"Telef\" data-conditional=\"false\"><input class=\"jet-form__field text-field \" placeholder=\"Telefon\" value=\"\" required=\"required\" name=\"Telef\" id=\"Telef\" type=\"text\" data-field-name=\"Telef\"><\/div><div class=\"jet-form-col jet-form-col-6  field-type-text  jet-form-field-container\" data-field=\"Email\" data-conditional=\"false\"><input class=\"jet-form__field text-field \" placeholder=\"Email\" value=\"\" required=\"required\" name=\"Email\" id=\"Email\" type=\"email\" data-field-name=\"Email\"><\/div><\/div><div  class=\"jet-form-row\"><div class=\"jet-form-col jet-form-col-12  field-type-heading  jet-form-field-container\" data-field=\"heading\" data-conditional=\"false\"><div class=\"jet-form__heading\">\n\t<span class=\"jet-form__label-text\" >EIGENTUMSDATEN<\/span>\n\t<\/div><\/div><\/div><div  class=\"jet-form-row\"><div class=\"jet-form-col jet-form-col-12  field-type-text  jet-form-field-container\" data-field=\"Tipo_de_Inmueble\" data-conditional=\"false\"><input class=\"jet-form__field text-field \" placeholder=\"Art der Immobilien\" value=\"\" required=\"required\" name=\"Tipo_de_Inmueble\" id=\"Tipo_de_Inmueble\" type=\"text\" data-field-name=\"Tipo_de_Inmueble\"><\/div><\/div><div  class=\"jet-form-row\"><div class=\"jet-form-col jet-form-col-12  field-type-text  jet-form-field-container\" data-field=\"dir_inmueble\" data-conditional=\"false\"><input class=\"jet-form__field text-field \" placeholder=\"Strasse\" value=\"\" required=\"required\" name=\"dir_inmueble\" id=\"dir_inmueble\" type=\"text\" data-field-name=\"dir_inmueble\"><\/div><\/div><div  class=\"jet-form-row\"><div class=\"jet-form-col jet-form-col-6  field-type-text  jet-form-field-container\" data-field=\"_ciudad_inmuebles\" data-conditional=\"false\"><input class=\"jet-form__field text-field \" placeholder=\"Stadt\" value=\"\" required=\"required\" name=\"_ciudad_inmuebles\" id=\"_ciudad_inmuebles\" type=\"text\" data-field-name=\"_ciudad_inmuebles\"><\/div><div class=\"jet-form-col jet-form-col-6  field-type-text  jet-form-field-container\" data-field=\"_Provincia_inmueble\" data-conditional=\"false\"><input class=\"jet-form__field text-field \" placeholder=\"Provinz\" value=\"\" required=\"required\" name=\"_Provincia_inmueble\" id=\"_Provincia_inmueble\" type=\"text\" data-field-name=\"_Provincia_inmueble\"><\/div><\/div><div  class=\"jet-form-row\"><div class=\"jet-form-col jet-form-col-6  field-type-select  jet-form-field-container\" data-field=\"_pais_inmueble\" data-conditional=\"false\"><select  required=\"required\" name=\"_pais_inmueble\" data-field-name=\"_pais_inmueble\" id=\"_pais_inmueble\" data-default-val=\"Espa\u00f1a\" class=\"jet-form__field select-field\"><option value=\"\" >Country<\/option><option value=\"Espa\u00f1a\"  selected='selected' data-calculate=\"Espa\u00f1a\">Espa\u00f1a<\/option><option value=\"\" ><\/option><\/select><\/div><div class=\"jet-form-col jet-form-col-6  field-type-text  jet-form-field-container\" data-field=\"_codigo_postal_inmueble\" data-conditional=\"false\"><input class=\"jet-form__field text-field \" placeholder=\"Postleitzahl\" value=\"\" required=\"required\" name=\"_codigo_postal_inmueble\" id=\"_codigo_postal_inmueble\" type=\"text\" data-field-name=\"_codigo_postal_inmueble\"><\/div><\/div><div  class=\"jet-form-row\"><div class=\"jet-form-col jet-form-col-3  field-type-text  jet-form-field-container\" data-field=\"Superficie\" data-conditional=\"false\"><input class=\"jet-form__field text-field \" placeholder=\"Wohnfl\u00e4che\" value=\"\" required=\"required\" name=\"Superficie\" id=\"Superficie\" type=\"text\" data-field-name=\"Superficie\"><\/div><div class=\"jet-form-col jet-form-col-3  field-type-text  jet-form-field-container\" data-field=\"Parcela\" data-conditional=\"false\"><input class=\"jet-form__field text-field \" placeholder=\"Grundst\u00fccksfl\u00e4che\" value=\"\" required=\"required\" name=\"Parcela\" id=\"Parcela\" type=\"text\" data-field-name=\"Parcela\"><\/div><div class=\"jet-form-col jet-form-col-3  field-type-text  jet-form-field-container\" data-field=\"habitaciones\" data-conditional=\"false\"><input class=\"jet-form__field text-field \" placeholder=\"Zimmer\" value=\"\" required=\"required\" name=\"habitaciones\" id=\"habitaciones\" type=\"text\" data-field-name=\"habitaciones\"><\/div><div class=\"jet-form-col jet-form-col-3  field-type-text  jet-form-field-container\" data-field=\"Ba\u00f1os\" data-conditional=\"false\"><input class=\"jet-form__field text-field \" placeholder=\"B\u00e4der\" value=\"\" required=\"required\" name=\"Ba\u00f1os\" id=\"Ba\u00f1os\" type=\"text\" data-field-name=\"Ba\u00f1os\"><\/div><\/div><div  class=\"jet-form-row\"><div class=\"jet-form-col jet-form-col-12  field-type-textarea  jet-form-field-container\" data-field=\"caracteristica\" data-conditional=\"false\"><textarea class=\"jet-form__field textarea-field\" placeholder=\"Andere Merkmale\" name=\"caracteristica\" data-field-name=\"caracteristica\" id=\"caracteristica\"><\/textarea><\/div><\/div><div  class=\"jet-form-row\"><div class=\"jet-form-col jet-form-col-12  field-type-textarea  jet-form-field-container\" data-field=\"comentario\" data-conditional=\"false\"><textarea class=\"jet-form__field textarea-field\" placeholder=\"Kommentare\" required=\"required\" name=\"comentario\" data-field-name=\"comentario\" id=\"comentario\"><\/textarea><\/div><\/div><div  class=\"jet-form-row jet-form-row--submit\"><div class=\"jet-form-col jet-form-col-12  field-type-submit  jet-form-field-container\" data-field=\"Submit\" data-conditional=\"false\"><div class=\"jet-form__submit-wrap\">\n\t\t<button class=\"jet-form__submit submit-type-reload\" type=\"submit\">Abschicken<\/button>\n<\/div><\/div><\/div><input class=\"jet-form__field hidden-field\" type=\"hidden\" name=\"_jet_engine_nonce\" value=\"9cac36ef86\" data-field-name=\"_jet_engine_nonce\"><\/form>\t\t\t\t<\/div>\n\t\t\t\t<\/div>\n\t\t\t\t\t<\/div>\n\t\t<\/div>\n\t\t\t\t\t<\/div>\n\t\t<\/section>\n\t\t\t\t<\/div>\n\t\t","protected":false},"excerpt":{"rendered":"<p>Verkauf einer Immobilie Sie m\u00f6chten Ihre Immoblile verkaufen? Wir von Sa Canova Associats \u2026 Sind Ihr kompetenter Partner. Unsere langj\u00e4hrige Erfahrung garantiert Ihnen besten Service und z\u00fcgige Abl\u00e4ufe bei gr\u00f6\u00dfter Sorgfalt und Zuverl\u00e4ssigkeit.Ein fachkundiger Immobilienberater steht Ihnen w\u00e4hrend des gesamten Verkaufsprozesses mit seiner Expertise pers\u00f6nlich zur Seite: von der Marktwertermittlung \u00fcber die notarielle Beurkundung bis [&hellip;]<\/p>\n","protected":false},"author":1,"featured_media":0,"parent":0,"menu_order":0,"comment_status":"closed","ping_status":"closed","template":"elementor_header_footer","meta":{"footnotes":""},"class_list":["post-839","page","type-page","status-publish","hentry"],"_links":{"self":[{"href":"https:\/\/www.sacanovaassociats.com\/de\/wp-json\/wp\/v2\/pages\/839","targetHints":{"allow":["GET"]}}],"collection":[{"href":"https:\/\/www.sacanovaassociats.com\/de\/wp-json\/wp\/v2\/pages"}],"about":[{"href":"https:\/\/www.sacanovaassociats.com\/de\/wp-json\/wp\/v2\/types\/page"}],"author":[{"embeddable":true,"href":"https:\/\/www.sacanovaassociats.com\/de\/wp-json\/wp\/v2\/users\/1"}],"replies":[{"embeddable":true,"href":"https:\/\/www.sacanovaassociats.com\/de\/wp-json\/wp\/v2\/comments?post=839"}],"version-history":[{"count":10,"href":"https:\/\/www.sacanovaassociats.com\/de\/wp-json\/wp\/v2\/pages\/839\/revisions"}],"predecessor-version":[{"id":1346,"href":"https:\/\/www.sacanovaassociats.com\/de\/wp-json\/wp\/v2\/pages\/839\/revisions\/1346"}],"wp:attachment":[{"href":"https:\/\/www.sacanovaassociats.com\/de\/wp-json\/wp\/v2\/media?parent=839"}],"curies":[{"name":"wp","href":"https:\/\/api.w.org\/{rel}","templated":true}]}}